{"id":2289,"date":"2023-12-15T10:21:38","date_gmt":"2023-12-15T16:21:38","guid":{"rendered":"https:\/\/whalewatchinguvita.com\/?page_id=2289"},"modified":"2024-06-06T22:03:40","modified_gmt":"2024-06-07T04:03:40","slug":"contact","status":"publish","type":"page","link":"https:\/\/whalewatchinguvita.com\/es\/contact\/","title":{"rendered":"Contact"},"content":{"rendered":"<div class=\"wpb-content-wrapper\"><p>[vc_row bg_color=&#8221;#f0f6ff&#8221; top_padding=&#8221;90&#8243; bottom_padding=&#8221;120&#8243; class=&#8221;sectie-hero&#8221;][vc_column animation=&#8221;fade-in-from-bottom&#8221; column_padding=&#8221;custom-padding&#8221; column_custompadding=&#8221;0% 5%&#8221; width=&#8221;1\/2&#8243;]<h1 class=\"headline font-inherit fontsize-xxxxxl fontweight-900 lh-12 align-left transform-inherit line-1\" style=\"margin: 10px 0 20px 0;\">Ponte en contacto con nosotros.<\/h1><div class=\"headline font-inherit fontsize-m fontweight-400 lh-inherit align-left transform-inherit \" style=\"margin: 0 0 40px 0;\">\u00bfTienes alguna pregunta? Ponte en contacto con nosotros. Siempre tratamos de responder tus preguntas o comentarios lo antes posible.<\/div><div class=\"iconbox  wpb_content_element iconbox-style-2 icon-color-accent color-dark clearfix\"><div class=\"iconbox-icon\"><i class=\"fa fa-solid fa-location-pin boxicon\" style=\"\"><\/i><\/div><div class=\"iconbox-content\"><h3>Ubicaci\u00f3n<\/h3><p>Whale Watching Uvita<br \/>\nPlaya Uvita, Parque Nacional Marino Ballena<br \/>\nUvita, Costa Rica<\/p><\/div><\/div><div class=\"iconbox  wpb_content_element iconbox-style-2 icon-color-accent color-dark clearfix\"><div class=\"iconbox-icon\"><i class=\"fa fa-brands fa-whatsapp boxicon\" style=\"\"><\/i><\/div><div class=\"iconbox-content\"><h3>WhatsApp<\/h3><p>\u00bfPrefieres enviar un mensaje a trav\u00e9s de Whatsapp? Recibir\u00e1s una respuesta r\u00e1pida de nuestra parte, dentro de las 24 horas.<\/p>\n<p><a href=\"https:\/\/wa.me\/31645852944\">Chatear por Whatsapp<\/a><\/p><\/div><\/div><div class=\"iconbox  wpb_content_element iconbox-style-2 icon-color-accent color-dark clearfix\"><div class=\"iconbox-icon\"><i class=\"fa fa-solid fa-envelope boxicon\" style=\"\"><\/i><\/div><div class=\"iconbox-content\"><h3>Env\u00edanos un correo electr\u00f3nico<\/h3><p>\u00bfPreguntas o consultas? Env\u00edanos un correo electr\u00f3nico:<\/p>\n<p><a href=\"mailto:info@whalewatchinguvita.com\">info@whalewatchinguvita.com<\/a><\/p><\/div><\/div>[\/vc_column][vc_column el_class=&#8221;contact-column&#8221; bg_color=&#8221;#ffffff&#8221; column_padding=&#8221;padding-6&#8243; width=&#8221;1\/2&#8243;]<h3 class=\"headline font-inherit fontsize-xxl fontweight-700 lh-12 align-left transform-inherit \" style=\"margin: 0 0 20px 0;\">Formulario de contacto<\/h3><div class=\"headline font-inherit fontsize-m fontweight-400 lh-inherit align-left transform-inherit \" style=\"margin: 0 0 40px 0;\">Por favor, completa el formulario a continuaci\u00f3n y nos pondremos en contacto contigo dentro de las 24 horas. Esperamos darte la bienvenida en uno de nuestros tours.<\/div>\n<div class=\"wpcf7 no-js\" id=\"wpcf7-f2370-o1\" lang=\"en-US\" dir=\"ltr\" data-wpcf7-id=\"2370\">\n<div class=\"screen-reader-response\"><p role=\"status\" aria-live=\"polite\" aria-atomic=\"true\"><\/p> <ul><\/ul><\/div>\n<form action=\"\/es\/wp-json\/wp\/v2\/pages\/2289#wpcf7-f2370-o1\" method=\"post\" class=\"wpcf7-form init\" aria-label=\"Contact form\" novalidate=\"novalidate\" data-status=\"init\">\n<fieldset class=\"hidden-fields-container\"><input type=\"hidden\" name=\"_wpcf7\" value=\"2370\" \/><input type=\"hidden\" name=\"_wpcf7_version\" value=\"6.1.5\" \/><input type=\"hidden\" name=\"_wpcf7_locale\" value=\"en_US\" \/><input type=\"hidden\" name=\"_wpcf7_unit_tag\" value=\"wpcf7-f2370-o1\" \/><input type=\"hidden\" name=\"_wpcf7_container_post\" value=\"0\" \/><input type=\"hidden\" name=\"_wpcf7_posted_data_hash\" value=\"\" \/><input type=\"hidden\" name=\"_wpcf7_recaptcha_response\" value=\"\" \/>\n<\/fieldset>\n<p><label> Tu nombre<br \/>\n<span class=\"wpcf7-form-control-wrap\" data-name=\"your-name\"><input size=\"40\" maxlength=\"400\" class=\"wpcf7-form-control wpcf7-text wpcf7-validates-as-required\" autocomplete=\"name\" aria-required=\"true\" aria-invalid=\"false\" value=\"\" type=\"text\" name=\"your-name\" \/><\/span> <\/label>\n<\/p>\n<p><label> Tu correo electr\u00f3nico<br \/>\n<span class=\"wpcf7-form-control-wrap\" data-name=\"your-email\"><input size=\"40\" maxlength=\"400\" class=\"wpcf7-form-control wpcf7-email wpcf7-validates-as-required wpcf7-text wpcf7-validates-as-email\" autocomplete=\"email\" aria-required=\"true\" aria-invalid=\"false\" value=\"\" type=\"email\" name=\"your-email\" \/><\/span> <\/label>\n<\/p>\n<p><label> Tu mensaje<br \/>\n<span class=\"wpcf7-form-control-wrap\" data-name=\"your-message\"><textarea cols=\"40\" rows=\"10\" maxlength=\"2000\" class=\"wpcf7-form-control wpcf7-textarea wpcf7-validates-as-required\" aria-required=\"true\" aria-invalid=\"false\" name=\"your-message\"><\/textarea><\/span> <\/label>\n<\/p>\n<p><input class=\"wpcf7-form-control wpcf7-submit has-spinner\" type=\"submit\" value=\"Enviar\" \/>\n<\/p><div class=\"wpcf7-response-output\" aria-hidden=\"true\"><\/div>\n<\/form>\n<\/div>\n[\/vc_column][\/vc_row][vc_row bg_image=&#8221;1357&#8243; bg_color=&#8221;#0053d1&#8243; top_padding=&#8221;70&#8243; bottom_padding=&#8221;70&#8243; class=&#8221;sectie-cta&#8221; row_id=&#8221;cta&#8221;][vc_column el_class=&#8221;marg-btn-0&#8243; width=&#8221;5\/6&#8243;]<h5 class=\"headline font-inherit fontsize-inherit fontweight-700 lh-18 align-left transform-inherit cta-promo-label\" style=\" color: #0053d1;\">Ahorra un 25%<\/h5><h3 class=\"headline font-inherit fontsize-xxxxl fontweight-700 lh-14 align-left transform-inherit \" style=\"margin: 0 0 10px 0; color: #ffffff;\">Oferta Especial<\/h3><h2 class=\"headline font-inherit fontsize-l fontweight-500 lh-14 align-left transform-inherit \" style=\"margin: 0 0 40px 0; color: #ffffff;\">Ofrecemos un descuento temporal del 25% en nuestro tour de avistamiento de ballenas. Reserva esta experiencia memorable ahora en l\u00ednea y ahorra un 25%.<\/h2><a href=\"\/es\/tour-de-avistamiento-de-ballenas-en-uvita\/\" target=\"_self\" class=\"button color-2 large \" style=\"border-radius: 3px;\">Informaci\u00f3n y Boletos<\/a>[\/vc_column][vc_column width=&#8221;1\/6&#8243;][\/vc_column][\/vc_row]<\/p>\n<\/div>","protected":false},"excerpt":{"rendered":"<p>[vc_row bg_color=&#8221;#f0f6ff&#8221; top_padding=&#8221;90&#8243; bottom_padding=&#8221;120&#8243; class=&#8221;sectie-hero&#8221;][vc_column animation=&#8221;fade-in-from-bottom&#8221; column_padding=&#8221;custom-padding&#8221; column_custompadding=&#8221;0% 5%&#8221; width=&#8221;1\/2&#8243;][\/vc_column][vc_column el_class=&#8221;contact-column&#8221; bg_color=&#8221;#ffffff&#8221; column_padding=&#8221;padding-6&#8243; width=&#8221;1\/2&#8243;][\/vc_column][\/vc_row][vc_row bg_image=&#8221;1357&#8243; bg_color=&#8221;#0053d1&#8243; top_padding=&#8221;70&#8243; bottom_padding=&#8221;70&#8243; class=&#8221;sectie-cta&#8221; row_id=&#8221;cta&#8221;][vc_column el_class=&#8221;marg-btn-0&#8243; width=&#8221;5\/6&#8243;][\/vc_column][vc_column width=&#8221;1\/6&#8243;][\/vc_column][\/vc_row]<\/p>\n","protected":false},"author":1,"featured_media":0,"parent":0,"menu_order":0,"comment_status":"closed","ping_status":"closed","template":"","meta":{"footnotes":""},"class_list":["post-2289","page","type-page","status-publish","hentry"],"yoast_head":"<!-- This site is optimized with the Yoast SEO Premium plugin v22.3 (Yoast SEO v26.4) - https:\/\/yoast.com\/wordpress\/plugins\/seo\/ -->\n<title>Contact - Whale Watching Uvita<\/title>\n<meta name=\"robots\" content=\"index, follow, max-snippet:-1, max-image-preview:large, max-video-preview:-1\" \/>\n<link rel=\"canonical\" href=\"https:\/\/whalewatchinguvita.com\/contact\/\" \/>\n<meta property=\"og:locale\" content=\"es_ES\" \/>\n<meta property=\"og:type\" content=\"article\" \/>\n<meta property=\"og:title\" content=\"Contact\" \/>\n<meta property=\"og:description\" content=\"[vc_row bg_color=&#8221;#f0f6ff&#8221; top_padding=&#8221;90&#8243; bottom_padding=&#8221;120&#8243; class=&#8221;sectie-hero&#8221;][vc_column animation=&#8221;fade-in-from-bottom&#8221; column_padding=&#8221;custom-padding&#8221; column_custompadding=&#8221;0% 5%&#8221; width=&#8221;1\/2&#8243;][\/vc_column][vc_column el_class=&#8221;contact-column&#8221; bg_color=&#8221;#ffffff&#8221; column_padding=&#8221;padding-6&#8243; width=&#8221;1\/2&#8243;][\/vc_column][\/vc_row][vc_row bg_image=&#8221;1357&#8243; bg_color=&#8221;#0053d1&#8243; top_padding=&#8221;70&#8243; bottom_padding=&#8221;70&#8243; class=&#8221;sectie-cta&#8221; row_id=&#8221;cta&#8221;][vc_column el_class=&#8221;marg-btn-0&#8243; width=&#8221;5\/6&#8243;][\/vc_column][vc_column width=&#8221;1\/6&#8243;][\/vc_column][\/vc_row]\" \/>\n<meta property=\"og:url\" content=\"https:\/\/whalewatchinguvita.com\/contact\/\" \/>\n<meta property=\"og:site_name\" content=\"Whale Watching Uvita\" \/>\n<meta property=\"article:modified_time\" content=\"2024-06-07T04:03:40+00:00\" \/>\n<meta property=\"og:image\" content=\"https:\/\/whalewatchinguvita.com\/wp-content\/uploads\/2024\/08\/Whale-tour-1-8.jpg\" \/>\n\t<meta property=\"og:image:width\" content=\"500\" \/>\n\t<meta property=\"og:image:height\" content=\"500\" \/>\n\t<meta property=\"og:image:type\" content=\"image\/jpeg\" \/>\n<meta name=\"twitter:card\" content=\"summary_large_image\" \/>\n<meta name=\"twitter:label1\" content=\"Tiempo de lectura\" \/>\n\t<meta name=\"twitter:data1\" content=\"2 minutos\" \/>\n<script type=\"application\/ld+json\" class=\"yoast-schema-graph\">{\"@context\":\"https:\/\/schema.org\",\"@graph\":[{\"@type\":\"WebPage\",\"@id\":\"https:\/\/whalewatchinguvita.com\/contact\/\",\"url\":\"https:\/\/whalewatchinguvita.com\/contact\/\",\"name\":\"Contact - Whale Watching Uvita\",\"isPartOf\":{\"@id\":\"https:\/\/whalewatchinguvita.com\/#website\"},\"datePublished\":\"2023-12-15T16:21:38+00:00\",\"dateModified\":\"2024-06-07T04:03:40+00:00\",\"breadcrumb\":{\"@id\":\"https:\/\/whalewatchinguvita.com\/contact\/#breadcrumb\"},\"inLanguage\":\"es\",\"potentialAction\":[{\"@type\":\"ReadAction\",\"target\":[\"https:\/\/whalewatchinguvita.com\/contact\/\"]}]},{\"@type\":\"BreadcrumbList\",\"@id\":\"https:\/\/whalewatchinguvita.com\/contact\/#breadcrumb\",\"itemListElement\":[{\"@type\":\"ListItem\",\"position\":1,\"name\":\"Home\",\"item\":\"https:\/\/whalewatchinguvita.com\/es\/\"},{\"@type\":\"ListItem\",\"position\":2,\"name\":\"Contact\"}]},{\"@type\":\"WebSite\",\"@id\":\"https:\/\/whalewatchinguvita.com\/#website\",\"url\":\"https:\/\/whalewatchinguvita.com\/\",\"name\":\"Whale Watching Uvita\",\"description\":\"Whale Watching Tours Uvita Costa Rica\",\"potentialAction\":[{\"@type\":\"SearchAction\",\"target\":{\"@type\":\"EntryPoint\",\"urlTemplate\":\"https:\/\/whalewatchinguvita.com\/?s={search_term_string}\"},\"query-input\":{\"@type\":\"PropertyValueSpecification\",\"valueRequired\":true,\"valueName\":\"search_term_string\"}}],\"inLanguage\":\"es\"}]}<\/script>\n<!-- \/ Yoast SEO Premium plugin. -->","yoast_head_json":{"title":"Contact - Whale Watching Uvita","robots":{"index":"index","follow":"follow","max-snippet":"max-snippet:-1","max-image-preview":"max-image-preview:large","max-video-preview":"max-video-preview:-1"},"canonical":"https:\/\/whalewatchinguvita.com\/contact\/","og_locale":"es_ES","og_type":"article","og_title":"Contact","og_description":"[vc_row bg_color=&#8221;#f0f6ff&#8221; top_padding=&#8221;90&#8243; bottom_padding=&#8221;120&#8243; class=&#8221;sectie-hero&#8221;][vc_column animation=&#8221;fade-in-from-bottom&#8221; column_padding=&#8221;custom-padding&#8221; column_custompadding=&#8221;0% 5%&#8221; width=&#8221;1\/2&#8243;][\/vc_column][vc_column el_class=&#8221;contact-column&#8221; bg_color=&#8221;#ffffff&#8221; column_padding=&#8221;padding-6&#8243; width=&#8221;1\/2&#8243;][\/vc_column][\/vc_row][vc_row bg_image=&#8221;1357&#8243; bg_color=&#8221;#0053d1&#8243; top_padding=&#8221;70&#8243; bottom_padding=&#8221;70&#8243; class=&#8221;sectie-cta&#8221; row_id=&#8221;cta&#8221;][vc_column el_class=&#8221;marg-btn-0&#8243; width=&#8221;5\/6&#8243;][\/vc_column][vc_column width=&#8221;1\/6&#8243;][\/vc_column][\/vc_row]","og_url":"https:\/\/whalewatchinguvita.com\/contact\/","og_site_name":"Whale Watching Uvita","article_modified_time":"2024-06-07T04:03:40+00:00","og_image":[{"width":500,"height":500,"url":"https:\/\/whalewatchinguvita.com\/wp-content\/uploads\/2024\/08\/Whale-tour-1-8.jpg","type":"image\/jpeg"}],"twitter_card":"summary_large_image","twitter_misc":{"Tiempo de lectura":"2 minutos"},"schema":{"@context":"https:\/\/schema.org","@graph":[{"@type":"WebPage","@id":"https:\/\/whalewatchinguvita.com\/contact\/","url":"https:\/\/whalewatchinguvita.com\/contact\/","name":"Contact - Whale Watching Uvita","isPartOf":{"@id":"https:\/\/whalewatchinguvita.com\/#website"},"datePublished":"2023-12-15T16:21:38+00:00","dateModified":"2024-06-07T04:03:40+00:00","breadcrumb":{"@id":"https:\/\/whalewatchinguvita.com\/contact\/#breadcrumb"},"inLanguage":"es","potentialAction":[{"@type":"ReadAction","target":["https:\/\/whalewatchinguvita.com\/contact\/"]}]},{"@type":"BreadcrumbList","@id":"https:\/\/whalewatchinguvita.com\/contact\/#breadcrumb","itemListElement":[{"@type":"ListItem","position":1,"name":"Home","item":"https:\/\/whalewatchinguvita.com\/es\/"},{"@type":"ListItem","position":2,"name":"Contact"}]},{"@type":"WebSite","@id":"https:\/\/whalewatchinguvita.com\/#website","url":"https:\/\/whalewatchinguvita.com\/","name":"Whale Watching Uvita","description":"Whale Watching Tours Uvita Costa Rica","potentialAction":[{"@type":"SearchAction","target":{"@type":"EntryPoint","urlTemplate":"https:\/\/whalewatchinguvita.com\/?s={search_term_string}"},"query-input":{"@type":"PropertyValueSpecification","valueRequired":true,"valueName":"search_term_string"}}],"inLanguage":"es"}]}},"_links":{"self":[{"href":"https:\/\/whalewatchinguvita.com\/es\/wp-json\/wp\/v2\/pages\/2289","targetHints":{"allow":["GET"]}}],"collection":[{"href":"https:\/\/whalewatchinguvita.com\/es\/wp-json\/wp\/v2\/pages"}],"about":[{"href":"https:\/\/whalewatchinguvita.com\/es\/wp-json\/wp\/v2\/types\/page"}],"author":[{"embeddable":true,"href":"https:\/\/whalewatchinguvita.com\/es\/wp-json\/wp\/v2\/users\/1"}],"replies":[{"embeddable":true,"href":"https:\/\/whalewatchinguvita.com\/es\/wp-json\/wp\/v2\/comments?post=2289"}],"version-history":[{"count":0,"href":"https:\/\/whalewatchinguvita.com\/es\/wp-json\/wp\/v2\/pages\/2289\/revisions"}],"wp:attachment":[{"href":"https:\/\/whalewatchinguvita.com\/es\/wp-json\/wp\/v2\/media?parent=2289"}],"curies":[{"name":"wp","href":"https:\/\/api.w.org\/{rel}","templated":true}]}}