{"id":2334,"date":"2024-01-16T08:09:35","date_gmt":"2024-01-16T14:09:35","guid":{"rendered":"https:\/\/whalewatchinguvita.com\/?page_id=2334"},"modified":"2024-06-06T02:28:14","modified_gmt":"2024-06-06T08:28:14","slug":"avistamiento-de-ballenas-en-uvita","status":"publish","type":"page","link":"https:\/\/whalewatchinguvita.com\/es\/avistamiento-de-ballenas-en-uvita\/","title":{"rendered":"Avistamiento de ballenas en Uvita"},"content":{"rendered":"<div class=\"wpb-content-wrapper\"><p>[vc_row bg_color=&#8221;#f0f6ff&#8221; top_padding=&#8221;10&#8243; bottom_padding=&#8221;10&#8243;][vc_column el_class=&#8221;marg-btn-0&#8243; animation=&#8221;fade-in-from-left&#8221; width=&#8221;1\/1&#8243;][vc_column_text]<span><span><a href=\"https:\/\/whalewatchinguvita.com\/es\/\">Home<\/a><\/span><\/span>[\/vc_column_text][\/vc_column][\/vc_row][vc_row bg_color=&#8221;#f0f6ff&#8221; top_padding=&#8221;30&#8243; bottom_padding=&#8221;220&#8243; class=&#8221;hero&#8221;][vc_column width=&#8221;7\/12&#8243;]<h1 class=\"headline font-inherit fontsize-xxxl fontweight-700 lh-12 align-left transform-inherit \" style=\"margin: 0 0 20px 0;\">Avistamiento de ballenas en Uvita<\/h1><div class=\"headline font-inherit fontsize-s fontweight-400 lh-18 align-left transform-inherit \" style=\"margin: 0 0 20px 0;\">El avistamiento de ballenas en Uvita es una experiencia \u00fanica en la vida que no te puedes perder. Uvita, ubicada en la costa del Pac\u00edfico de Costa Rica, es conocida como uno de los mejores lugares del mundo para ver ballenas en su entorno natural.<\/div>[\/vc_column][vc_column el_class=&#8221;hidden-xs hidden-sm&#8221; width=&#8221;1\/12&#8243;][\/vc_column][vc_column el_class=&#8221;schaduw prijs-column&#8221; bg_color=&#8221;#ffffff&#8221; column_padding=&#8221;padding-4&#8243; width=&#8221;4\/12&#8243;][vc_column_text]<\/p>\n<div class=\"vanaflabel\">Save 25%<\/div>\n<p>[\/vc_column_text]<div class=\"headline font-inherit fontsize-s fontweight-400 lh-inherit align-left transform-inherit \" style=\"margin: -40px 0 5px 0;\"><img decoding=\"async\" style=\"width: 20px; vertical-align: text-top;\" src=\"\/wp-content\/uploads\/2023\/02\/star.png\" \/><span class=\"review-cijfer\">4.8<\/span><span class=\"review-aantal\">(1200+ reviews)<\/span><\/div><h2 class=\"headline font-inherit fontsize-l fontweight-600 lh-12 align-left transform-inherit \" style=\"margin: 0 0 10px 0;\">tour de avistamiento<br \/>\nde ballenas y delfines<br \/>\nUvita<\/h2><div class=\"headline font-inherit fontsize-m fontweight-500 lh-inherit align-left transform-inherit \" style=\"margin: 0 0 8px 0;\"><span class=\"onsale\">$95,00<\/span>$75,00<\/div><div class=\"headline font-inherit fontsize-s fontweight-400 lh-inherit align-left transform-inherit tour-desc\" style=\"margin: 0 0 20px 0; color: #606060;\">Avistamiento de ballenas y delfines en las aguas de Uvita (Parque Nacional Marino Bellena), Costa Rica.<\/div><a href=\"\/es\/tour-de-avistamiento-de-ballenas-en-uvita\/\" target=\"_self\" class=\"button color-3 full \" style=\"border-radius: 2px;\">Informaci\u00f3n y Entradas<\/a>[\/vc_column][\/vc_row][vc_row bg_image=&#8221;1894&#8243; top_padding=&#8221;220&#8243; bottom_padding=&#8221;220&#8243; class=&#8221;sectie-foto-bg&#8221;][vc_column width=&#8221;1\/1&#8243;][\/vc_column][\/vc_row][vc_row class=&#8221;hidden-xs hidden-sm&#8221;][vc_column width=&#8221;1\/3&#8243;][\/vc_column][vc_column width=&#8221;1\/3&#8243;]<div class=\"iconbox  wpb_content_element iconbox-style-4 icon-color-custom color-dark clearfix\"><div class=\"iconbox-icon\"><i class=\"fa fa-chevron-down boxicon\" style=\"color: #ffffff;\"><\/i><\/div><div class=\"iconbox-content\"><h3><\/h3><p><\/p><\/div><\/div>[\/vc_column][vc_column width=&#8221;1\/3&#8243;][\/vc_column][\/vc_row][vc_row top_padding=&#8221;40&#8243; bottom_padding=&#8221;150&#8243; class=&#8221;sectie-info&#8221; row_id=&#8221;info&#8221;][vc_column el_class=&#8221;info-column&#8221; animation=&#8221;fade-in-from-left&#8221; column_padding=&#8221;custom-padding&#8221; column_custompadding=&#8221;0% 5%&#8221; width=&#8221;7\/12&#8243;][vc_column_text]<\/p>\n<h2><strong>Avistamiento de ballenas en Uvita<\/strong><\/h2>\n<p>Si est\u00e1s buscando el mejor lugar para ver ballenas en Uvita, no busques m\u00e1s. Nuestra empresa ofrece el mejor tour para ver ballenas en la zona. Con nosotros, puedes reservar tu tour de avistamiento de ballenas en l\u00ednea, de forma segura y f\u00e1cil.<\/p>\n<h2><strong>Avistamiento de ballenas en Uvita<\/strong><\/h2>\n<p>Una de las ventajas de reservar con nosotros es la comodidad de hacerlo en l\u00ednea. No tienes que preocuparte por llamar o visitar una agencia de viajes, puedes reservar desde la comodidad de tu hogar. Adem\u00e1s, ofrecemos un sistema de pago seguro en l\u00ednea, para que puedas reservar con tranquilidad.<\/p>\n<h2><strong>Nuestros gu\u00edas<\/strong><\/h2>\n<p>Nuestros gu\u00edas son experimentados y conocedores de la zona. Te llevar\u00e1n a los mejores lugares para avistar ballenas y te brindar\u00e1n informaci\u00f3n detallada sobre estas majestuosas criaturas marinas. Su experiencia y conocimiento te garantizan una experiencia maravillosa.<\/p>\n<h2><strong>Una experiencia \u00fanica<\/strong><\/h2>\n<p>El avistamiento de ballenas en Uvita te permitir\u00e1 presenciar de cerca a las ballenas jorobadas, que migran a estas aguas c\u00e1lidas para reproducirse y alimentarse. Podr\u00e1s ver sus impresionantes saltos y escuchar sus cantos, una experiencia que te dejar\u00e1 sin palabras.<\/p>\n<p><em>No pierdas la oportunidad de vivir esta experiencia \u00fanica en la vida. Reserva con nuestra empresa el mejor tour para ver ballenas en Uvita y disfruta de todos los beneficios que ofrecemos. \u00a1Te esperamos en Uvita para vivir esta aventura inolvidable!<\/em><\/p>\n<p><a href=\"\/es\/tour-de-avistamiento-de-ballenas-en-uvita\/\">Reserva tu tour de avistamiento de ballenas directamente en l\u00ednea.<\/a>[\/vc_column_text][\/vc_column][vc_column el_class=&#8221;hidden-xs hidden-sm&#8221; width=&#8221;1\/12&#8243;][\/vc_column][vc_column width=&#8221;4\/12&#8243;][vc_row_inner][vc_column_inner el_class=&#8221;schaduw column-radius&#8221; css=&#8221;.vc_custom_1573223278018{padding-top: 8% !important;padding-right: 8% !important;padding-bottom: 8% !important;padding-left: 8% !important;}&#8221;][vc_column_text]<\/p>\n<h3 style=\"margin-bottom: 20px; line-height: 1.2;\">\u00bfPor qu\u00e9 reservar con nosotros?<\/h3>\n<h3 style=\"font-size: 16px; font-weight: 500;\"><i class=\"fa fa-check\" style=\"color: #0057d9; margin-right: 5px;\" aria-hidden=\"true\"><\/i>Tour de ballenas mejor valorado<\/h3>\n<h3 style=\"font-size: 16px; font-weight: 500;\"><i class=\"fa fa-check\" style=\"color: #0057d9; margin-right: 5px;\" aria-hidden=\"true\"><\/i>Cancelaci\u00f3n gratis<\/h3>\n<h3 style=\"font-size: 16px; font-weight: 500;\"><i class=\"fa fa-check\" style=\"color: #0057d9; margin-right: 5px;\" aria-hidden=\"true\"><\/i>Avistamiento responsable de ballenas<\/h3>\n<h3 style=\"font-size: 16px; font-weight: 500;\"><i class=\"fa fa-check\" style=\"color: #0057d9; margin-right: 5px;\" aria-hidden=\"true\"><\/i>Excelente gu\u00eda tur\u00edstico<\/h3>\n<h3 style=\"font-size: 16px; font-weight: 500;\"><i class=\"fa fa-check\" style=\"color: #0057d9; margin-right: 5px;\" aria-hidden=\"true\"><\/i>A\u00f1os de experiencia<\/h3>\n<h3 style=\"font-size: 16px; font-weight: 500;\"><i class=\"fa fa-check\" style=\"color: #0057d9; margin-right: 5px;\" aria-hidden=\"true\"><\/i>Componente educativo<\/h3>\n<p><a href=\"\/es\/tour-de-avistamiento-de-ballenas-en-uvita\/\">Informaci\u00f3n tur\u00edstica y entradas <i class=\"fa fa-long-arrow-right\" aria-hidden=\"true\"><\/i><\/a>[\/vc_column_text][\/vc_column_inner][\/vc_row_inner]<div class=\"spacer\" style=\"height: 40px;\"><\/div>[vc_row_inner][vc_column_inner el_class=&#8221;schaduw column-radius&#8221; css=&#8221;.vc_custom_1573222899131{padding-top: 6% !important;padding-right: 6% !important;padding-bottom: 6% !important;padding-left: 6% !important;}&#8221;]<div class=\"single_image wpb_content_element align-left    review-badge\" data-animation=\"none\" data-delay=\"0\"><img decoding=\"async\" width=\"618\" height=\"206\" src=\"https:\/\/whalewatchinguvita.com\/wp-content\/uploads\/2023\/02\/Review-badge-light.png\" class=\"attachment-full\" alt=\"\" title=\"Review-badge-light\" srcset=\"https:\/\/whalewatchinguvita.com\/wp-content\/uploads\/2023\/02\/Review-badge-light.png 618w, https:\/\/whalewatchinguvita.com\/wp-content\/uploads\/2023\/02\/Review-badge-light-300x100.png 300w\" sizes=\"(max-width: 618px) 100vw, 618px\" \/><\/div>[\/vc_column_inner][\/vc_row_inner][\/vc_column][\/vc_row][vc_row bg_image=&#8221;1357&#8243; bg_color=&#8221;#0053d1&#8243; top_padding=&#8221;70&#8243; bottom_padding=&#8221;70&#8243; class=&#8221;sectie-cta&#8221; row_id=&#8221;cta&#8221;][vc_column el_class=&#8221;marg-btn-0&#8243; width=&#8221;5\/6&#8243;]<h5 class=\"headline font-inherit fontsize-inherit fontweight-700 lh-18 align-left transform-inherit cta-promo-label\" style=\" color: #0053d1;\">Save 25%<\/h5><h3 class=\"headline font-inherit fontsize-xxxxl fontweight-700 lh-14 align-left transform-inherit \" style=\"margin: 0 0 10px 0; color: #ffffff;\">Oferta especial<\/h3><h2 class=\"headline font-inherit fontsize-l fontweight-500 lh-14 align-left transform-inherit \" style=\"margin: 0 0 40px 0; color: #ffffff;\">Ofrecemos un descuento temporal del 25% en nuestro tour de avistamiento de ballenas. Reserva ahora online esta memorable experiencia y ahorra un 25%.<\/h2><a href=\"\/es\/tour-de-avistamiento-de-ballenas-en-uvita\/\" target=\"_self\" class=\"button color-2 large \" style=\"border-radius: 3px;\">Informaci\u00f3n y Entradas<\/a>[\/vc_column][vc_column width=&#8221;1\/6&#8243;][\/vc_column][\/vc_row]<\/p>\n<\/div>","protected":false},"excerpt":{"rendered":"<p>[vc_row bg_color=&#8221;#f0f6ff&#8221; top_padding=&#8221;10&#8243; bottom_padding=&#8221;10&#8243;][vc_column el_class=&#8221;marg-btn-0&#8243; animation=&#8221;fade-in-from-left&#8221; width=&#8221;1\/1&#8243;][vc_column_text][\/vc_column_text][\/vc_column][\/vc_row][vc_row bg_color=&#8221;#f0f6ff&#8221; top_padding=&#8221;30&#8243; bottom_padding=&#8221;220&#8243; class=&#8221;hero&#8221;][vc_column width=&#8221;7\/12&#8243;][\/vc_column][vc_column el_class=&#8221;hidden-xs hidden-sm&#8221; width=&#8221;1\/12&#8243;][\/vc_column][vc_column el_class=&#8221;schaduw prijs-column&#8221; bg_color=&#8221;#ffffff&#8221; column_padding=&#8221;padding-4&#8243; width=&#8221;4\/12&#8243;][vc_column_text] Save 25% [\/vc_column_text][\/vc_column][\/vc_row][vc_row bg_image=&#8221;1894&#8243; top_padding=&#8221;220&#8243; bottom_padding=&#8221;220&#8243; class=&#8221;sectie-foto-bg&#8221;][vc_column width=&#8221;1\/1&#8243;][\/vc_column][\/vc_row][vc_row class=&#8221;hidden-xs hidden-sm&#8221;][vc_column width=&#8221;1\/3&#8243;][\/vc_column][vc_column width=&#8221;1\/3&#8243;][\/vc_column][vc_column width=&#8221;1\/3&#8243;][\/vc_column][\/vc_row][vc_row top_padding=&#8221;40&#8243; bottom_padding=&#8221;150&#8243; class=&#8221;sectie-info&#8221; row_id=&#8221;info&#8221;][vc_column el_class=&#8221;info-column&#8221; animation=&#8221;fade-in-from-left&#8221; column_padding=&#8221;custom-padding&#8221; column_custompadding=&#8221;0% 5%&#8221; width=&#8221;7\/12&#8243;][vc_column_text] Avistamiento de ballenas en Uvita Si est\u00e1s buscando el mejor lugar para ver ballenas en Uvita, no busques m\u00e1s. Nuestra empresa ofrece el mejor tour para ver ballenas en la zona. Con nosotros, puedes reservar tu tour de avistamiento de ballenas en l\u00ednea, de forma segura y f\u00e1cil. Avistamiento de ballenas en Uvita Una de las ventajas de reservar con nosotros es la comodidad de hacerlo en l\u00ednea. No tienes que preocuparte por llamar o visitar una agencia de viajes, puedes reservar desde la comodidad de tu hogar. Adem\u00e1s, ofrecemos un sistema de pago seguro en l\u00ednea, para que puedas reservar con tranquilidad. Nuestros gu\u00edas Nuestros gu\u00edas son experimentados y conocedores de la zona. Te llevar\u00e1n a los mejores lugares para avistar ballenas y te brindar\u00e1n informaci\u00f3n detallada sobre estas majestuosas criaturas marinas. Su experiencia y conocimiento te garantizan una experiencia maravillosa. Una experiencia \u00fanica El avistamiento de ballenas en Uvita te permitir\u00e1 presenciar de cerca a [&hellip;]<\/p>\n","protected":false},"author":1,"featured_media":0,"parent":0,"menu_order":0,"comment_status":"closed","ping_status":"closed","template":"tour-es-page.php","meta":{"footnotes":""},"class_list":["post-2334","page","type-page","status-publish","hentry"],"yoast_head":"<!-- This site is optimized with the Yoast SEO Premium plugin v22.3 (Yoast SEO v26.4) - https:\/\/yoast.com\/wordpress\/plugins\/seo\/ -->\n<title>Avistamiento de ballenas en Uvita | 25% de descuento<\/title>\n<meta name=\"description\" content=\"Avistamiento de ballenas en Uvita. Aqu\u00ed podr\u00e1s reservar el mejor tour de ballenas que ofrece Uvita. La mayor posibilidad de avistar ballenas.\" \/>\n<meta name=\"robots\" content=\"index, follow, max-snippet:-1, max-image-preview:large, max-video-preview:-1\" \/>\n<link rel=\"canonical\" href=\"https:\/\/whalewatchinguvita.com\/es\/avistamiento-de-ballenas-en-uvita\/\" \/>\n<meta property=\"og:locale\" content=\"es_ES\" \/>\n<meta property=\"og:type\" content=\"article\" \/>\n<meta property=\"og:title\" content=\"Avistamiento de ballenas en Uvita\" \/>\n<meta property=\"og:description\" content=\"Avistamiento de ballenas en Uvita. Aqu\u00ed podr\u00e1s reservar el mejor tour de ballenas que ofrece Uvita. La mayor posibilidad de avistar ballenas.\" \/>\n<meta property=\"og:url\" content=\"https:\/\/whalewatchinguvita.com\/es\/avistamiento-de-ballenas-en-uvita\/\" \/>\n<meta property=\"og:site_name\" content=\"Whale Watching Uvita\" \/>\n<meta property=\"article:modified_time\" content=\"2024-06-06T08:28:14+00:00\" \/>\n<meta property=\"og:image\" content=\"https:\/\/whalewatchinguvita.com\/wp-content\/uploads\/2024\/08\/Whale-tour-1-8.jpg\" \/>\n\t<meta property=\"og:image:width\" content=\"500\" \/>\n\t<meta property=\"og:image:height\" content=\"500\" \/>\n\t<meta property=\"og:image:type\" content=\"image\/jpeg\" \/>\n<meta name=\"twitter:card\" content=\"summary_large_image\" \/>\n<meta name=\"twitter:label1\" content=\"Tiempo de lectura\" \/>\n\t<meta name=\"twitter:data1\" content=\"4 minutos\" \/>\n<script type=\"application\/ld+json\" class=\"yoast-schema-graph\">{\"@context\":\"https:\/\/schema.org\",\"@graph\":[{\"@type\":\"WebPage\",\"@id\":\"https:\/\/whalewatchinguvita.com\/es\/avistamiento-de-ballenas-en-uvita\/\",\"url\":\"https:\/\/whalewatchinguvita.com\/es\/avistamiento-de-ballenas-en-uvita\/\",\"name\":\"Avistamiento de ballenas en Uvita | 25% de descuento\",\"isPartOf\":{\"@id\":\"https:\/\/whalewatchinguvita.com\/#website\"},\"datePublished\":\"2024-01-16T14:09:35+00:00\",\"dateModified\":\"2024-06-06T08:28:14+00:00\",\"description\":\"Avistamiento de ballenas en Uvita. Aqu\u00ed podr\u00e1s reservar el mejor tour de ballenas que ofrece Uvita. La mayor posibilidad de avistar ballenas.\",\"breadcrumb\":{\"@id\":\"https:\/\/whalewatchinguvita.com\/es\/avistamiento-de-ballenas-en-uvita\/#breadcrumb\"},\"inLanguage\":\"es\",\"potentialAction\":[{\"@type\":\"ReadAction\",\"target\":[\"https:\/\/whalewatchinguvita.com\/es\/avistamiento-de-ballenas-en-uvita\/\"]}]},{\"@type\":\"BreadcrumbList\",\"@id\":\"https:\/\/whalewatchinguvita.com\/es\/avistamiento-de-ballenas-en-uvita\/#breadcrumb\",\"itemListElement\":[{\"@type\":\"ListItem\",\"position\":1,\"name\":\"Home\",\"item\":\"https:\/\/whalewatchinguvita.com\/es\/\"},{\"@type\":\"ListItem\",\"position\":2,\"name\":\"Avistamiento de ballenas en Uvita\"}]},{\"@type\":\"WebSite\",\"@id\":\"https:\/\/whalewatchinguvita.com\/#website\",\"url\":\"https:\/\/whalewatchinguvita.com\/\",\"name\":\"Whale Watching Uvita\",\"description\":\"Whale Watching Tours Uvita Costa Rica\",\"potentialAction\":[{\"@type\":\"SearchAction\",\"target\":{\"@type\":\"EntryPoint\",\"urlTemplate\":\"https:\/\/whalewatchinguvita.com\/?s={search_term_string}\"},\"query-input\":{\"@type\":\"PropertyValueSpecification\",\"valueRequired\":true,\"valueName\":\"search_term_string\"}}],\"inLanguage\":\"es\"}]}<\/script>\n<!-- \/ Yoast SEO Premium plugin. -->","yoast_head_json":{"title":"Avistamiento de ballenas en Uvita | 25% de descuento","description":"Avistamiento de ballenas en Uvita. Aqu\u00ed podr\u00e1s reservar el mejor tour de ballenas que ofrece Uvita. La mayor posibilidad de avistar ballenas.","robots":{"index":"index","follow":"follow","max-snippet":"max-snippet:-1","max-image-preview":"max-image-preview:large","max-video-preview":"max-video-preview:-1"},"canonical":"https:\/\/whalewatchinguvita.com\/es\/avistamiento-de-ballenas-en-uvita\/","og_locale":"es_ES","og_type":"article","og_title":"Avistamiento de ballenas en Uvita","og_description":"Avistamiento de ballenas en Uvita. Aqu\u00ed podr\u00e1s reservar el mejor tour de ballenas que ofrece Uvita. La mayor posibilidad de avistar ballenas.","og_url":"https:\/\/whalewatchinguvita.com\/es\/avistamiento-de-ballenas-en-uvita\/","og_site_name":"Whale Watching Uvita","article_modified_time":"2024-06-06T08:28:14+00:00","og_image":[{"width":500,"height":500,"url":"https:\/\/whalewatchinguvita.com\/wp-content\/uploads\/2024\/08\/Whale-tour-1-8.jpg","type":"image\/jpeg"}],"twitter_card":"summary_large_image","twitter_misc":{"Tiempo de lectura":"4 minutos"},"schema":{"@context":"https:\/\/schema.org","@graph":[{"@type":"WebPage","@id":"https:\/\/whalewatchinguvita.com\/es\/avistamiento-de-ballenas-en-uvita\/","url":"https:\/\/whalewatchinguvita.com\/es\/avistamiento-de-ballenas-en-uvita\/","name":"Avistamiento de ballenas en Uvita | 25% de descuento","isPartOf":{"@id":"https:\/\/whalewatchinguvita.com\/#website"},"datePublished":"2024-01-16T14:09:35+00:00","dateModified":"2024-06-06T08:28:14+00:00","description":"Avistamiento de ballenas en Uvita. Aqu\u00ed podr\u00e1s reservar el mejor tour de ballenas que ofrece Uvita. La mayor posibilidad de avistar ballenas.","breadcrumb":{"@id":"https:\/\/whalewatchinguvita.com\/es\/avistamiento-de-ballenas-en-uvita\/#breadcrumb"},"inLanguage":"es","potentialAction":[{"@type":"ReadAction","target":["https:\/\/whalewatchinguvita.com\/es\/avistamiento-de-ballenas-en-uvita\/"]}]},{"@type":"BreadcrumbList","@id":"https:\/\/whalewatchinguvita.com\/es\/avistamiento-de-ballenas-en-uvita\/#breadcrumb","itemListElement":[{"@type":"ListItem","position":1,"name":"Home","item":"https:\/\/whalewatchinguvita.com\/es\/"},{"@type":"ListItem","position":2,"name":"Avistamiento de ballenas en Uvita"}]},{"@type":"WebSite","@id":"https:\/\/whalewatchinguvita.com\/#website","url":"https:\/\/whalewatchinguvita.com\/","name":"Whale Watching Uvita","description":"Whale Watching Tours Uvita Costa Rica","potentialAction":[{"@type":"SearchAction","target":{"@type":"EntryPoint","urlTemplate":"https:\/\/whalewatchinguvita.com\/?s={search_term_string}"},"query-input":{"@type":"PropertyValueSpecification","valueRequired":true,"valueName":"search_term_string"}}],"inLanguage":"es"}]}},"_links":{"self":[{"href":"https:\/\/whalewatchinguvita.com\/es\/wp-json\/wp\/v2\/pages\/2334","targetHints":{"allow":["GET"]}}],"collection":[{"href":"https:\/\/whalewatchinguvita.com\/es\/wp-json\/wp\/v2\/pages"}],"about":[{"href":"https:\/\/whalewatchinguvita.com\/es\/wp-json\/wp\/v2\/types\/page"}],"author":[{"embeddable":true,"href":"https:\/\/whalewatchinguvita.com\/es\/wp-json\/wp\/v2\/users\/1"}],"replies":[{"embeddable":true,"href":"https:\/\/whalewatchinguvita.com\/es\/wp-json\/wp\/v2\/comments?post=2334"}],"version-history":[{"count":0,"href":"https:\/\/whalewatchinguvita.com\/es\/wp-json\/wp\/v2\/pages\/2334\/revisions"}],"wp:attachment":[{"href":"https:\/\/whalewatchinguvita.com\/es\/wp-json\/wp\/v2\/media?parent=2334"}],"curies":[{"name":"wp","href":"https:\/\/api.w.org\/{rel}","templated":true}]}}