{"id":2393,"date":"2024-06-06T00:36:36","date_gmt":"2024-06-06T06:36:36","guid":{"rendered":"https:\/\/whalewatchinguvita.com\/?page_id=2393"},"modified":"2025-05-31T06:59:38","modified_gmt":"2025-05-31T12:59:38","slug":"acerca-de-whale-watching-uvita","status":"publish","type":"page","link":"https:\/\/whalewatchinguvita.com\/es\/acerca-de-whale-watching-uvita\/","title":{"rendered":"Acerca de Whale Watching Uvita"},"content":{"rendered":"<div class=\"wpb-content-wrapper\"><p>[vc_row top_padding=&#8221;45&#8243; bottom_padding=&#8221;35&#8243; class=&#8221;hero&#8221;][vc_column el_class=&#8221;stap-1-column&#8221; width=&#8221;1\/6&#8243;][\/vc_column][vc_column width=&#8221;2\/3&#8243;]<h1 class=\"headline font-inherit fontsize-xxxxl fontweight-700 lh-12 align-center transform-inherit \" style=\"margin: 0 0 20px 0;\">Descubre las Maravillas del Avistamiento de Ballenas con Nosotros!<\/h1><div class=\"headline font-inherit fontsize-s fontweight-400 lh-18 align-center transform-inherit \" style=\"margin: 0 0 20px 0;\">Acerca de Whale Watching Uvita. Durante m\u00e1s de 30 a\u00f1os, Whale Watching Uvita ha sido un negocio familiar ubicado en el coraz\u00f3n de Uvita, Costa Rica. Con una pasi\u00f3n por el oc\u00e9ano y un compromiso de brindar experiencias inolvidables, nos hemos convertido en la opci\u00f3n principal para tours de avistamiento de ballenas en la regi\u00f3n.<\/div>[\/vc_column][vc_column width=&#8221;1\/6&#8243;][\/vc_column][\/vc_row][vc_row][vc_column width=&#8221;1\/1&#8243;]<div class=\"single_image wpb_content_element align-center    hidden-md hidden-lg\" data-animation=\"none\" data-delay=\"0\"><img decoding=\"async\" width=\"500\" height=\"246\" src=\"https:\/\/whalewatchinguvita.com\/wp-content\/uploads\/2025\/05\/About-us-Whale-watching-Uvita-Get-to-know-us.png\" class=\"attachment-full\" alt=\"Whale Tour Uvita Costa Rica tour\" title=\"About-us-Whale-watching-Uvita-Get-to-know-us\" srcset=\"https:\/\/whalewatchinguvita.com\/wp-content\/uploads\/2025\/05\/About-us-Whale-watching-Uvita-Get-to-know-us.png 500w, https:\/\/whalewatchinguvita.com\/wp-content\/uploads\/2025\/05\/About-us-Whale-watching-Uvita-Get-to-know-us-300x148.png 300w\" sizes=\"(max-width: 500px) 100vw, 500px\" \/><\/div><div class=\"minti_masonrygrid hidden-xs hidden-sm clearfix\"><div class=\"grid-sizer\"><\/div><div class=\"minti_masonrygrid_item masonry_image masonry_sb\"><div class=\"minti_masonrygrid_item_wrap\"><div class=\"minti_masonrygrid_item_inner\" style=\"background-image: url(https:\/\/whalewatchinguvita.com\/wp-content\/uploads\/2024\/06\/363380948_762522845882164_8703720451783308831_n.jpg);\"><\/div><\/div><\/div><div class=\"minti_masonrygrid_item masonry_image masonry_rl\"><div class=\"minti_masonrygrid_item_wrap\"><div class=\"minti_masonrygrid_item_inner\" style=\"background-image: url(https:\/\/whalewatchinguvita.com\/wp-content\/uploads\/2024\/06\/436358145_944543964346717_6128161182314061529_n-1000x500.jpg);\"><\/div><\/div><\/div><div class=\"minti_masonrygrid_item masonry_image masonry_ss\"><div class=\"minti_masonrygrid_item_wrap\"><div class=\"minti_masonrygrid_item_inner\" style=\"background-image: url(https:\/\/whalewatchinguvita.com\/wp-content\/uploads\/2024\/06\/about-us-3-500x500.jpg);\"><\/div><\/div><\/div><div class=\"minti_masonrygrid_item masonry_image masonry_ss\"><div class=\"minti_masonrygrid_item_wrap\"><div class=\"minti_masonrygrid_item_inner\" style=\"background-image: url(https:\/\/whalewatchinguvita.com\/wp-content\/uploads\/2023\/12\/Whale-tour-1-2.jpg);\"><\/div><\/div><\/div><\/div>[\/vc_column][\/vc_row][vc_row bottom_padding=&#8221;60&#8243; class=&#8221;sectie-intro&#8221;][vc_column width=&#8221;2\/12&#8243;][\/vc_column][vc_column width=&#8221;8\/12&#8243;]<div class=\"spacer\" style=\"height: 80px;\"><\/div><h2 class=\"headline font-inherit fontsize-xxxl fontweight-700 lh-12 align-left transform-inherit \" style=\"margin: 0 0 20px 0;\">Nuestra Historia<\/h2><div class=\"headline font-inherit fontsize-s fontweight-400 lh-18 align-left transform-inherit \" style=\"margin: 0 0 20px 0;\">Whale Watching Uvita naci\u00f3 de un profundo amor y respeto por la incre\u00edble vida marina que adorna las aguas de Costa Rica. Lo que comenz\u00f3 como una peque\u00f1a empresa ha crecido hasta convertirse en un negocio pr\u00f3spero, pero nuestro compromiso de brindar un servicio excepcional y aventuras memorables permanece inalterado.<\/div><div class=\"spacer\" style=\"height: 35px;\"><\/div><h2 class=\"headline font-inherit fontsize-xxxl fontweight-700 lh-12 align-left transform-inherit \" style=\"margin: 0 0 20px 0;\">Nuestro Equipo<\/h2><div class=\"headline font-inherit fontsize-s fontweight-400 lh-18 align-left transform-inherit \" style=\"margin: 0 0 20px 0;\">En Whale Watching Uvita, somos m\u00e1s que un equipo, somos una familia. Compuesto por gu\u00edas expertos, capitanes experimentados y amigables miembros de la tripulaci\u00f3n, trabajamos juntos sin problemas para garantizar que cada aspecto de tu tour sea extraordinario. Con un entusiasmo compartido por la conservaci\u00f3n marina y un genuino deseo de compartir la belleza de nuestros oc\u00e9anos con los dem\u00e1s, nuestro equipo est\u00e1 dedicado a brindarte una experiencia que nunca olvidar\u00e1s.<\/div><div class=\"spacer\" style=\"height: 35px;\"><\/div><h2 class=\"headline font-inherit fontsize-xxxl fontweight-700 lh-12 align-left transform-inherit \" style=\"margin: 0 0 20px 0;\">Nuestra Misi\u00f3n<\/h2><div class=\"headline font-inherit fontsize-s fontweight-400 lh-18 align-left transform-inherit \" style=\"margin: 0 0 20px 0;\">Nuestra misi\u00f3n en Avistamiento de Ballenas Uvita es simple: proporcionar recorridos de avistamiento de ballenas inigualables que dejen a nuestros hu\u00e9spedes maravillados con las maravillas naturales que nos rodean. Ya sea que est\u00e9 avistando ballenas jorobadas saltando en la distancia o maravill\u00e1ndose con las travesuras juguetonas de los delfines jugando en las olas, nos esforzamos por crear momentos de pura alegr\u00eda y asombro para todos y cada uno de nuestros hu\u00e9spedes.<\/div>[\/vc_column][vc_column width=&#8221;2\/12&#8243;][\/vc_column][\/vc_row][vc_row bg_color=&#8221;#f0f6ff&#8221; top_padding=&#8221;100&#8243; bottom_padding=&#8221;100&#8243; class=&#8221;sectie-waarom&#8221;][vc_column width=&#8221;1\/1&#8243;][vc_row_inner][vc_column_inner width=&#8221;1\/6&#8243;][\/vc_column_inner][vc_column_inner width=&#8221;2\/3&#8243;]<h2 class=\"headline font-inherit fontsize-xxxxl fontweight-700 lh-12 align-center transform-inherit \" style=\"margin: 0 0 20px 0;\">Nuestros Principios Rectores<\/h2><div class=\"headline font-inherit fontsize-s fontweight-400 lh-18 align-center transform-inherit \" style=\"margin: 0 0 20px 0;\">En Avistamiento de Ballenas Uvita, nos gu\u00edan una serie de principios rectores que definen qui\u00e9nes somos y lo que representamos.<\/div>[\/vc_column_inner][vc_column_inner width=&#8221;1\/6&#8243;][\/vc_column_inner][\/vc_row_inner]<div class=\"spacer\" style=\"height: 40px;\"><\/div>[vc_row_inner][vc_column_inner el_class=&#8221;werkwijze&#8221; width=&#8221;1\/2&#8243;]<div class=\"imagebox wpb_content_element style-2\"><div class=\"imagebox-img\"><img decoding=\"async\" src=\"https:\/\/whalewatchinguvita.com\/wp-content\/uploads\/2023\/02\/responsible-whale-watching-1.jpg\" alt=\"\" \/><\/div>\n<h3>Avistamiento de ballenas responsable<\/h3>\n<p>Como custodios del oc\u00e9ano, priorizamos pr\u00e1cticas de avistamiento de ballenas responsables. Nos adherimos a estrictas pautas y regulaciones para garantizar la seguridad y el bienestar de la vida marina que encontramos. Nuestros gu\u00edas expertos se comprometen a minimizar nuestro impacto en el medio ambiente al tiempo que maximizan sus oportunidades de observar estas majestuosas criaturas en su h\u00e1bitat natural.<\/div>[\/vc_column_inner][vc_column_inner el_class=&#8221;werkwijze&#8221; width=&#8221;1\/2&#8243;]<div class=\"imagebox wpb_content_element style-2\"><div class=\"imagebox-img\"><img decoding=\"async\" src=\"https:\/\/whalewatchinguvita.com\/wp-content\/uploads\/2023\/02\/whale-watching-uvita-3.jpg\" alt=\"\" \/><\/div>\n<h3>Experiencias Inolvidables<\/h3>\n<p>Creemos que cada recorrido debe ser una experiencia inolvidable que deje una impresi\u00f3n duradera. Desde el momento en que sube a bordo de nuestra embarcaci\u00f3n hasta el momento en que regresa a tierra, nos esforzamos por crear momentos de asombro y emoci\u00f3n. Ya sea que se maraville ante la vista de ballenas saltando o aprenda sobre los comportamientos \u00fanicos de los delfines, nos esforzamos por hacer que cada momento sea memorable.<\/div>[\/vc_column_inner][\/vc_row_inner][vc_row_inner][vc_column_inner el_class=&#8221;werkwijze&#8221; width=&#8221;1\/2&#8243;]<div class=\"imagebox wpb_content_element style-2\"><div class=\"imagebox-img\"><img decoding=\"async\" src=\"https:\/\/whalewatchinguvita.com\/wp-content\/uploads\/2023\/02\/educational-whale-watching-2.jpg\" alt=\"\" \/><\/div>\n<h3>Participaci\u00f3n Educativa<\/h3>\n<p>En Avistamiento de Ballenas Uvita, estamos apasionados por la educaci\u00f3n y la conciencia. Cada recorrido es una oportunidad no solo para la aventura, sino tambi\u00e9n para el aprendizaje. Nuestros gu\u00edas experimentados est\u00e1n dedicados a brindarle informaci\u00f3n valiosa sobre la vida marina de Costa Rica, fomentando una comprensi\u00f3n m\u00e1s profunda y una apreciaci\u00f3n por el oc\u00e9ano y sus habitantes.<\/div>[\/vc_column_inner][vc_column_inner el_class=&#8221;werkwijze&#8221; width=&#8221;1\/2&#8243;]<div class=\"imagebox wpb_content_element style-2\"><div class=\"imagebox-img\"><img decoding=\"async\" src=\"https:\/\/whalewatchinguvita.com\/wp-content\/uploads\/2023\/02\/whale-watching-uvita-3.jpg\" alt=\"\" \/><\/div>\n<h3>Conciencia Ambiental<\/h3>\n<p>Estamos comprometidos con la protecci\u00f3n del medio ambiente y la preservaci\u00f3n de la belleza natural de Uvita y sus aguas circundantes. A trav\u00e9s de pr\u00e1cticas sostenibles e iniciativas ecol\u00f3gicas, nos esforzamos por minimizar nuestra huella ecol\u00f3gica y promover esfuerzos de conservaci\u00f3n. Al elegir Avistamiento de Ballenas Uvita, no solo est\u00e1 embarc\u00e1ndose en un recorrido, sino que se est\u00e1 uniendo a nosotros en nuestra misi\u00f3n de salvaguardar el oc\u00e9ano para las generaciones futuras.<\/div>[\/vc_column_inner][\/vc_row_inner][\/vc_column][\/vc_row][vc_row top_padding=&#8221;100&#8243; bottom_padding=&#8221;100&#8243;][vc_column width=&#8221;2\/12&#8243;][\/vc_column][vc_column width=&#8221;8\/12&#8243;]<h2 class=\"headline font-inherit fontsize-xxxl fontweight-700 lh-12 align-left transform-inherit \" style=\"margin: 0 0 20px 0;\">\u00bfPor qu\u00e9 Elegirnos?<\/h2><div class=\"headline font-inherit fontsize-s fontweight-400 lh-18 align-left transform-inherit \" style=\"margin: 0 0 20px 0;\">Con innumerables operadores tur\u00edsticos para elegir, \u00bfqu\u00e9 hace que Avistamiento de Ballenas Uvita sea diferente? Simplemente, es nuestro compromiso inquebrantable con la excelencia. Desde el momento en que reserva su recorrido hasta el momento en que baja de nuestro bote, puede esperar nada m\u00e1s que lo mejor. Priorizamos la seguridad, el confort y la sostenibilidad ambiental en todo lo que hacemos, asegurando que su experiencia con nosotros no solo sea inolvidable, sino tambi\u00e9n respetuosa con el medio ambiente.<\/div><div class=\"spacer\" style=\"height: 35px;\"><\/div><h2 class=\"headline font-inherit fontsize-xxxl fontweight-700 lh-12 align-left transform-inherit \" style=\"margin: 0 0 20px 0;\">\u00a1\u00danete Hoy!<\/h2><div class=\"headline font-inherit fontsize-s fontweight-400 lh-18 align-left transform-inherit \" style=\"margin: 0 0 20px 0;\">Ya sea un viajero experimentado o un visitante por primera vez a Costa Rica, lo invitamos a unirse a nosotros en una aventura de avistamiento de ballenas como ninguna otra. Venga a descubrir por qu\u00e9 somos el operador tur\u00edstico mejor calificado en Uvita y descubra la magia del oc\u00e9ano con Avistamiento de Ballenas Uvita. \u00a1Reserve su recorrido hoy y que comience la aventura!<\/div>[\/vc_column][vc_column width=&#8221;2\/12&#8243;][\/vc_column][\/vc_row][vc_row bg_image=&#8221;1357&#8243; bg_color=&#8221;#0870e3&#8243; top_padding=&#8221;70&#8243; bottom_padding=&#8221;50&#8243; class=&#8221;sectie-cta&#8221; row_id=&#8221;cta&#8221;][vc_column el_class=&#8221;stap-1-column&#8221; width=&#8221;5\/6&#8243;]<h5 class=\"headline font-inherit fontsize-inherit fontweight-700 lh-18 align-left transform-inherit cta-promo-label\" style=\" color: #ffffff;\">\u00a1Ahorra un 25%!<\/h5><h3 class=\"headline font-inherit fontsize-xxxxl fontweight-700 lh-14 align-left transform-inherit \" style=\"margin: 0 0 10px 0; color: #ffffff;\">Oferta Especial<\/h3><h2 class=\"headline font-inherit fontsize-l fontweight-500 lh-14 align-left transform-inherit \" style=\"margin: 0 0 40px 0; color: #ffffff;\">Estamos ofreciendo un descuento temporal del 25% en nuestro tour de avistamiento de ballenas. Reserve esta experiencia memorable ahora en l\u00ednea y ahorre un 25%.<\/h2><a href=\"\/es\/tour-de-avistamiento-de-ballenas-en-uvita\/\" target=\"_self\" class=\"button color-2 large \" style=\"border-radius: 3px;\">Informaci\u00f3n y boletos del tour<\/a>[\/vc_column][vc_column width=&#8221;1\/6&#8243;][\/vc_column][\/vc_row][vc_row][vc_column width=&#8221;1\/1&#8243;]<div class=\"spacer\" style=\"height: 80px;\"><\/div>[\/vc_column][\/vc_row]<\/p>\n<\/div>","protected":false},"excerpt":{"rendered":"<p>[vc_row top_padding=&#8221;45&#8243; bottom_padding=&#8221;35&#8243; class=&#8221;hero&#8221;][vc_column el_class=&#8221;stap-1-column&#8221; width=&#8221;1\/6&#8243;][\/vc_column][vc_column width=&#8221;2\/3&#8243;][\/vc_column][vc_column width=&#8221;1\/6&#8243;][\/vc_column][\/vc_row][vc_row][vc_column width=&#8221;1\/1&#8243;][\/vc_column][\/vc_row][vc_row bottom_padding=&#8221;60&#8243; class=&#8221;sectie-intro&#8221;][vc_column width=&#8221;2\/12&#8243;][\/vc_column][vc_column width=&#8221;8\/12&#8243;][\/vc_column][vc_column width=&#8221;2\/12&#8243;][\/vc_column][\/vc_row][vc_row bg_color=&#8221;#f0f6ff&#8221; top_padding=&#8221;100&#8243; bottom_padding=&#8221;100&#8243; class=&#8221;sectie-waarom&#8221;][vc_column width=&#8221;1\/1&#8243;][vc_row_inner][vc_column_inner width=&#8221;1\/6&#8243;][\/vc_column_inner][vc_column_inner width=&#8221;2\/3&#8243;][\/vc_column_inner][vc_column_inner width=&#8221;1\/6&#8243;][\/vc_column_inner][\/vc_row_inner][vc_row_inner][vc_column_inner el_class=&#8221;werkwijze&#8221; width=&#8221;1\/2&#8243;][\/vc_column_inner][vc_column_inner el_class=&#8221;werkwijze&#8221; width=&#8221;1\/2&#8243;][\/vc_column_inner][\/vc_row_inner][vc_row_inner][vc_column_inner el_class=&#8221;werkwijze&#8221; width=&#8221;1\/2&#8243;][\/vc_column_inner][vc_column_inner el_class=&#8221;werkwijze&#8221; width=&#8221;1\/2&#8243;][\/vc_column_inner][\/vc_row_inner][\/vc_column][\/vc_row][vc_row top_padding=&#8221;100&#8243; bottom_padding=&#8221;100&#8243;][vc_column width=&#8221;2\/12&#8243;][\/vc_column][vc_column width=&#8221;8\/12&#8243;][\/vc_column][vc_column width=&#8221;2\/12&#8243;][\/vc_column][\/vc_row][vc_row bg_image=&#8221;1357&#8243; bg_color=&#8221;#0870e3&#8243; top_padding=&#8221;70&#8243; bottom_padding=&#8221;50&#8243; class=&#8221;sectie-cta&#8221; row_id=&#8221;cta&#8221;][vc_column el_class=&#8221;stap-1-column&#8221; width=&#8221;5\/6&#8243;][\/vc_column][vc_column width=&#8221;1\/6&#8243;][\/vc_column][\/vc_row][vc_row][vc_column width=&#8221;1\/1&#8243;][\/vc_column][\/vc_row]<\/p>\n","protected":false},"author":1,"featured_media":2228,"parent":0,"menu_order":0,"comment_status":"closed","ping_status":"closed","template":"","meta":{"footnotes":""},"class_list":["post-2393","page","type-page","status-publish","has-post-thumbnail","hentry"],"yoast_head":"<!-- This site is optimized with the Yoast SEO Premium plugin v22.3 (Yoast SEO v26.4) - https:\/\/yoast.com\/wordpress\/plugins\/seo\/ -->\n<title>Acerca de Whale Watching Uvita | Con\u00f3cenos<\/title>\n<meta name=\"description\" content=\"M\u00e1s sobre Avistamiento de Ballenas en Uvita. Tours en Barco para Avistamiento de Ballenas . Alto \u00cdndice de \u00c9xito | Cancelaci\u00f3n Gratuita.\" \/>\n<meta name=\"robots\" content=\"index, follow, max-snippet:-1, max-image-preview:large, max-video-preview:-1\" \/>\n<link rel=\"canonical\" href=\"https:\/\/whalewatchinguvita.com\/es\/acerca-de-whale-watching-uvita\/\" \/>\n<meta property=\"og:locale\" content=\"es_ES\" \/>\n<meta property=\"og:type\" content=\"article\" \/>\n<meta property=\"og:title\" content=\"Acerca de Whale Watching Uvita\" \/>\n<meta property=\"og:description\" content=\"M\u00e1s sobre Avistamiento de Ballenas en Uvita. Tours en Barco para Avistamiento de Ballenas . Alto \u00cdndice de \u00c9xito | Cancelaci\u00f3n Gratuita.\" \/>\n<meta property=\"og:url\" content=\"https:\/\/whalewatchinguvita.com\/es\/acerca-de-whale-watching-uvita\/\" \/>\n<meta property=\"og:site_name\" content=\"Whale Watching Uvita\" \/>\n<meta property=\"article:modified_time\" content=\"2025-05-31T12:59:38+00:00\" \/>\n<meta property=\"og:image\" content=\"https:\/\/whalewatchinguvita.com\/wp-content\/uploads\/2023\/12\/whale-watching-uvita-img.jpg\" \/>\n\t<meta property=\"og:image:width\" content=\"300\" \/>\n\t<meta property=\"og:image:height\" content=\"300\" \/>\n\t<meta property=\"og:image:type\" content=\"image\/jpeg\" \/>\n<meta name=\"twitter:card\" content=\"summary_large_image\" \/>\n<meta name=\"twitter:label1\" content=\"Tiempo de lectura\" \/>\n\t<meta name=\"twitter:data1\" content=\"7 minutos\" \/>\n<script type=\"application\/ld+json\" class=\"yoast-schema-graph\">{\"@context\":\"https:\/\/schema.org\",\"@graph\":[{\"@type\":\"WebPage\",\"@id\":\"https:\/\/whalewatchinguvita.com\/es\/acerca-de-whale-watching-uvita\/\",\"url\":\"https:\/\/whalewatchinguvita.com\/es\/acerca-de-whale-watching-uvita\/\",\"name\":\"Acerca de Whale Watching Uvita | Con\u00f3cenos\",\"isPartOf\":{\"@id\":\"https:\/\/whalewatchinguvita.com\/#website\"},\"primaryImageOfPage\":{\"@id\":\"https:\/\/whalewatchinguvita.com\/es\/acerca-de-whale-watching-uvita\/#primaryimage\"},\"image\":{\"@id\":\"https:\/\/whalewatchinguvita.com\/es\/acerca-de-whale-watching-uvita\/#primaryimage\"},\"thumbnailUrl\":\"https:\/\/whalewatchinguvita.com\/wp-content\/uploads\/2023\/12\/whale-watching-uvita-img.jpg\",\"datePublished\":\"2024-06-06T06:36:36+00:00\",\"dateModified\":\"2025-05-31T12:59:38+00:00\",\"description\":\"M\u00e1s sobre Avistamiento de Ballenas en Uvita. Tours en Barco para Avistamiento de Ballenas . Alto \u00cdndice de \u00c9xito | Cancelaci\u00f3n Gratuita.\",\"breadcrumb\":{\"@id\":\"https:\/\/whalewatchinguvita.com\/es\/acerca-de-whale-watching-uvita\/#breadcrumb\"},\"inLanguage\":\"es\",\"potentialAction\":[{\"@type\":\"ReadAction\",\"target\":[\"https:\/\/whalewatchinguvita.com\/es\/acerca-de-whale-watching-uvita\/\"]}]},{\"@type\":\"ImageObject\",\"inLanguage\":\"es\",\"@id\":\"https:\/\/whalewatchinguvita.com\/es\/acerca-de-whale-watching-uvita\/#primaryimage\",\"url\":\"https:\/\/whalewatchinguvita.com\/wp-content\/uploads\/2023\/12\/whale-watching-uvita-img.jpg\",\"contentUrl\":\"https:\/\/whalewatchinguvita.com\/wp-content\/uploads\/2023\/12\/whale-watching-uvita-img.jpg\",\"width\":300,\"height\":300},{\"@type\":\"BreadcrumbList\",\"@id\":\"https:\/\/whalewatchinguvita.com\/es\/acerca-de-whale-watching-uvita\/#breadcrumb\",\"itemListElement\":[{\"@type\":\"ListItem\",\"position\":1,\"name\":\"Home\",\"item\":\"https:\/\/whalewatchinguvita.com\/es\/\"},{\"@type\":\"ListItem\",\"position\":2,\"name\":\"Acerca de Whale Watching Uvita\"}]},{\"@type\":\"WebSite\",\"@id\":\"https:\/\/whalewatchinguvita.com\/#website\",\"url\":\"https:\/\/whalewatchinguvita.com\/\",\"name\":\"Whale Watching Uvita\",\"description\":\"Whale Watching Tours Uvita Costa Rica\",\"potentialAction\":[{\"@type\":\"SearchAction\",\"target\":{\"@type\":\"EntryPoint\",\"urlTemplate\":\"https:\/\/whalewatchinguvita.com\/?s={search_term_string}\"},\"query-input\":{\"@type\":\"PropertyValueSpecification\",\"valueRequired\":true,\"valueName\":\"search_term_string\"}}],\"inLanguage\":\"es\"}]}<\/script>\n<!-- \/ Yoast SEO Premium plugin. -->","yoast_head_json":{"title":"Acerca de Whale Watching Uvita | Con\u00f3cenos","description":"M\u00e1s sobre Avistamiento de Ballenas en Uvita. Tours en Barco para Avistamiento de Ballenas . Alto \u00cdndice de \u00c9xito | Cancelaci\u00f3n Gratuita.","robots":{"index":"index","follow":"follow","max-snippet":"max-snippet:-1","max-image-preview":"max-image-preview:large","max-video-preview":"max-video-preview:-1"},"canonical":"https:\/\/whalewatchinguvita.com\/es\/acerca-de-whale-watching-uvita\/","og_locale":"es_ES","og_type":"article","og_title":"Acerca de Whale Watching Uvita","og_description":"M\u00e1s sobre Avistamiento de Ballenas en Uvita. Tours en Barco para Avistamiento de Ballenas . Alto \u00cdndice de \u00c9xito | Cancelaci\u00f3n Gratuita.","og_url":"https:\/\/whalewatchinguvita.com\/es\/acerca-de-whale-watching-uvita\/","og_site_name":"Whale Watching Uvita","article_modified_time":"2025-05-31T12:59:38+00:00","og_image":[{"width":300,"height":300,"url":"https:\/\/whalewatchinguvita.com\/wp-content\/uploads\/2023\/12\/whale-watching-uvita-img.jpg","type":"image\/jpeg"}],"twitter_card":"summary_large_image","twitter_misc":{"Tiempo de lectura":"7 minutos"},"schema":{"@context":"https:\/\/schema.org","@graph":[{"@type":"WebPage","@id":"https:\/\/whalewatchinguvita.com\/es\/acerca-de-whale-watching-uvita\/","url":"https:\/\/whalewatchinguvita.com\/es\/acerca-de-whale-watching-uvita\/","name":"Acerca de Whale Watching Uvita | Con\u00f3cenos","isPartOf":{"@id":"https:\/\/whalewatchinguvita.com\/#website"},"primaryImageOfPage":{"@id":"https:\/\/whalewatchinguvita.com\/es\/acerca-de-whale-watching-uvita\/#primaryimage"},"image":{"@id":"https:\/\/whalewatchinguvita.com\/es\/acerca-de-whale-watching-uvita\/#primaryimage"},"thumbnailUrl":"https:\/\/whalewatchinguvita.com\/wp-content\/uploads\/2023\/12\/whale-watching-uvita-img.jpg","datePublished":"2024-06-06T06:36:36+00:00","dateModified":"2025-05-31T12:59:38+00:00","description":"M\u00e1s sobre Avistamiento de Ballenas en Uvita. Tours en Barco para Avistamiento de Ballenas . Alto \u00cdndice de \u00c9xito | Cancelaci\u00f3n Gratuita.","breadcrumb":{"@id":"https:\/\/whalewatchinguvita.com\/es\/acerca-de-whale-watching-uvita\/#breadcrumb"},"inLanguage":"es","potentialAction":[{"@type":"ReadAction","target":["https:\/\/whalewatchinguvita.com\/es\/acerca-de-whale-watching-uvita\/"]}]},{"@type":"ImageObject","inLanguage":"es","@id":"https:\/\/whalewatchinguvita.com\/es\/acerca-de-whale-watching-uvita\/#primaryimage","url":"https:\/\/whalewatchinguvita.com\/wp-content\/uploads\/2023\/12\/whale-watching-uvita-img.jpg","contentUrl":"https:\/\/whalewatchinguvita.com\/wp-content\/uploads\/2023\/12\/whale-watching-uvita-img.jpg","width":300,"height":300},{"@type":"BreadcrumbList","@id":"https:\/\/whalewatchinguvita.com\/es\/acerca-de-whale-watching-uvita\/#breadcrumb","itemListElement":[{"@type":"ListItem","position":1,"name":"Home","item":"https:\/\/whalewatchinguvita.com\/es\/"},{"@type":"ListItem","position":2,"name":"Acerca de Whale Watching Uvita"}]},{"@type":"WebSite","@id":"https:\/\/whalewatchinguvita.com\/#website","url":"https:\/\/whalewatchinguvita.com\/","name":"Whale Watching Uvita","description":"Whale Watching Tours Uvita Costa Rica","potentialAction":[{"@type":"SearchAction","target":{"@type":"EntryPoint","urlTemplate":"https:\/\/whalewatchinguvita.com\/?s={search_term_string}"},"query-input":{"@type":"PropertyValueSpecification","valueRequired":true,"valueName":"search_term_string"}}],"inLanguage":"es"}]}},"_links":{"self":[{"href":"https:\/\/whalewatchinguvita.com\/es\/wp-json\/wp\/v2\/pages\/2393","targetHints":{"allow":["GET"]}}],"collection":[{"href":"https:\/\/whalewatchinguvita.com\/es\/wp-json\/wp\/v2\/pages"}],"about":[{"href":"https:\/\/whalewatchinguvita.com\/es\/wp-json\/wp\/v2\/types\/page"}],"author":[{"embeddable":true,"href":"https:\/\/whalewatchinguvita.com\/es\/wp-json\/wp\/v2\/users\/1"}],"replies":[{"embeddable":true,"href":"https:\/\/whalewatchinguvita.com\/es\/wp-json\/wp\/v2\/comments?post=2393"}],"version-history":[{"count":1,"href":"https:\/\/whalewatchinguvita.com\/es\/wp-json\/wp\/v2\/pages\/2393\/revisions"}],"predecessor-version":[{"id":2633,"href":"https:\/\/whalewatchinguvita.com\/es\/wp-json\/wp\/v2\/pages\/2393\/revisions\/2633"}],"wp:featuredmedia":[{"embeddable":true,"href":"https:\/\/whalewatchinguvita.com\/es\/wp-json\/wp\/v2\/media\/2228"}],"wp:attachment":[{"href":"https:\/\/whalewatchinguvita.com\/es\/wp-json\/wp\/v2\/media?parent=2393"}],"curies":[{"name":"wp","href":"https:\/\/api.w.org\/{rel}","templated":true}]}}